{"id":955,"date":"2021-07-18T06:58:38","date_gmt":"2021-07-18T06:58:38","guid":{"rendered":"http:\/\/colorful-life.de\/?page_id=955"},"modified":"2021-07-31T22:01:07","modified_gmt":"2021-07-31T22:01:07","slug":"visagist-zeil-2-fuer-mary-kay-consultants-mit-zertifikat","status":"publish","type":"page","link":"https:\/\/colorful-life.de\/?page_id=955","title":{"rendered":"Visagist \/ Make-Up Stylist Teil 2 mit Zertifikat"},"content":{"rendered":"\n<div class=\"wp-block-image\"><figure class=\"aligncenter size-medium\"><img data-recalc-dims=\"1\" loading=\"lazy\" decoding=\"async\" width=\"300\" height=\"117\" data-attachment-id=\"943\" data-permalink=\"https:\/\/colorful-life.de\/?attachment_id=943\" data-orig-file=\"https:\/\/i0.wp.com\/colorful-life.de\/wp-content\/uploads\/2021\/07\/Visagist-Teil-1-Grundlagen-fuer-Mary-Kay-Consultants-scaled.jpeg?fit=2560%2C995&amp;ssl=1\" data-orig-size=\"2560,995\" data-comments-opened=\"1\" data-image-meta=\"{&quot;aperture&quot;:&quot;0&quot;,&quot;credit&quot;:&quot;Subbotina Anna - stock.adobe.com&quot;,&quot;camera&quot;:&quot;&quot;,&quot;caption&quot;:&quot;&quot;,&quot;created_timestamp&quot;:&quot;1545770513&quot;,&quot;copyright&quot;:&quot;\\u00a9Subbotina Anna - stock.adobe.com&quot;,&quot;focal_length&quot;:&quot;0&quot;,&quot;iso&quot;:&quot;0&quot;,&quot;shutter_speed&quot;:&quot;0&quot;,&quot;title&quot;:&quot;Beauty fashion model girl creative art makeup with gems. Woman face over purple, pink and violet air balloons background&quot;,&quot;orientation&quot;:&quot;1&quot;}\" data-image-title=\"Beauty fashion model girl creative art makeup with gems. Woman face over purple, pink and violet air balloons background\" data-image-description=\"\" data-image-caption=\"\" data-medium-file=\"https:\/\/i0.wp.com\/colorful-life.de\/wp-content\/uploads\/2021\/07\/Visagist-Teil-1-Grundlagen-fuer-Mary-Kay-Consultants-scaled.jpeg?fit=300%2C117&amp;ssl=1\" data-large-file=\"https:\/\/i0.wp.com\/colorful-life.de\/wp-content\/uploads\/2021\/07\/Visagist-Teil-1-Grundlagen-fuer-Mary-Kay-Consultants-scaled.jpeg?fit=1024%2C398&amp;ssl=1\" src=\"https:\/\/i0.wp.com\/colorful-life.de\/wp-content\/uploads\/2021\/07\/Visagist-Teil-1-Grundlagen-fuer-Mary-Kay-Consultants.jpeg?resize=300%2C117\" alt=\"Visagist Teil 2 MK\" class=\"wp-image-943\" srcset=\"https:\/\/i0.wp.com\/colorful-life.de\/wp-content\/uploads\/2021\/07\/Visagist-Teil-1-Grundlagen-fuer-Mary-Kay-Consultants-scaled.jpeg?resize=300%2C117&amp;ssl=1 300w, https:\/\/i0.wp.com\/colorful-life.de\/wp-content\/uploads\/2021\/07\/Visagist-Teil-1-Grundlagen-fuer-Mary-Kay-Consultants-scaled.jpeg?resize=1024%2C398&amp;ssl=1 1024w, https:\/\/i0.wp.com\/colorful-life.de\/wp-content\/uploads\/2021\/07\/Visagist-Teil-1-Grundlagen-fuer-Mary-Kay-Consultants-scaled.jpeg?resize=768%2C299&amp;ssl=1 768w, https:\/\/i0.wp.com\/colorful-life.de\/wp-content\/uploads\/2021\/07\/Visagist-Teil-1-Grundlagen-fuer-Mary-Kay-Consultants-scaled.jpeg?resize=1536%2C597&amp;ssl=1 1536w, https:\/\/i0.wp.com\/colorful-life.de\/wp-content\/uploads\/2021\/07\/Visagist-Teil-1-Grundlagen-fuer-Mary-Kay-Consultants-scaled.jpeg?resize=2048%2C796&amp;ssl=1 2048w, https:\/\/i0.wp.com\/colorful-life.de\/wp-content\/uploads\/2021\/07\/Visagist-Teil-1-Grundlagen-fuer-Mary-Kay-Consultants-scaled.jpeg?resize=370%2C144&amp;ssl=1 370w, https:\/\/i0.wp.com\/colorful-life.de\/wp-content\/uploads\/2021\/07\/Visagist-Teil-1-Grundlagen-fuer-Mary-Kay-Consultants-scaled.jpeg?resize=1040%2C404&amp;ssl=1 1040w\" sizes=\"auto, (max-width: 300px) 100vw, 300px\" \/><\/figure><\/div>\n\n\n\n<p>Dieser Aufbau Kurs ist speziell f\u00fcr Mary Kay Consultants.<\/p>\n\n\n\n<p><strong>Voraussetzung f\u00fcr die Pr\u00fcfung:<\/strong><\/p>\n\n\n\n<p>Pro Teilnehmer 1-2 Modelle, an denen der Inhalt des Kurses pr\u00e4sentiert werden kann.<\/p>\n\n\n\n<p><\/p>\n\n\n\n<p><strong>Dauer: 1 Tag (9:00-18:00 h)<\/strong><\/p>\n\n\n\n<p><strong>Ihre Investition:  150 \u20ac<\/strong><\/p>\n\n\n\n<p><strong>Teilnehmerzahl: 4-8 Personen<\/strong><\/p>\n\n\n\n<p><\/p>\n\n\n\n<p>Marterial-Liste wird bei der Anmeldung ausgegeben.<\/p>\n\n\n\n<p>Online-Kurs auch \u00fcber Skype m\u00f6glich.<\/p>\n\n\n\n<p>Die Kosten f\u00fcr die Anfahrt, Unterbringung und Verpflegung sind selbst zu tragen.<\/p>\n\n\n\n<div class=\"wp-block-image\"><figure class=\"aligncenter size-large is-resized\"><img data-recalc-dims=\"1\" loading=\"lazy\" decoding=\"async\" data-attachment-id=\"1110\" data-permalink=\"https:\/\/colorful-life.de\/?attachment_id=1110\" data-orig-file=\"https:\/\/i0.wp.com\/colorful-life.de\/wp-content\/uploads\/2021\/07\/Programm-Visagist-Make-Up-Stylist-Teil-2-scaled.jpg?fit=1811%2C2560&amp;ssl=1\" data-orig-size=\"1811,2560\" data-comments-opened=\"1\" data-image-meta=\"{&quot;aperture&quot;:&quot;0&quot;,&quot;credit&quot;:&quot;&quot;,&quot;camera&quot;:&quot;&quot;,&quot;caption&quot;:&quot;&quot;,&quot;created_timestamp&quot;:&quot;0&quot;,&quot;copyright&quot;:&quot;&quot;,&quot;focal_length&quot;:&quot;0&quot;,&quot;iso&quot;:&quot;0&quot;,&quot;shutter_speed&quot;:&quot;0&quot;,&quot;title&quot;:&quot;&quot;,&quot;orientation&quot;:&quot;0&quot;}\" data-image-title=\"Programm-Visagist-Make-Up-Stylist-Teil-2\" data-image-description=\"\" data-image-caption=\"\" data-medium-file=\"https:\/\/i0.wp.com\/colorful-life.de\/wp-content\/uploads\/2021\/07\/Programm-Visagist-Make-Up-Stylist-Teil-2-scaled.jpg?fit=212%2C300&amp;ssl=1\" data-large-file=\"https:\/\/i0.wp.com\/colorful-life.de\/wp-content\/uploads\/2021\/07\/Programm-Visagist-Make-Up-Stylist-Teil-2-scaled.jpg?fit=724%2C1024&amp;ssl=1\" src=\"https:\/\/i0.wp.com\/colorful-life.de\/wp-content\/uploads\/2021\/07\/Programm-Visagist-Make-Up-Stylist-Teil-2.jpg?resize=362%2C512\" alt=\"\" class=\"wp-image-1110\" width=\"362\" height=\"512\" srcset=\"https:\/\/i0.wp.com\/colorful-life.de\/wp-content\/uploads\/2021\/07\/Programm-Visagist-Make-Up-Stylist-Teil-2-scaled.jpg?resize=724%2C1024&amp;ssl=1 724w, https:\/\/i0.wp.com\/colorful-life.de\/wp-content\/uploads\/2021\/07\/Programm-Visagist-Make-Up-Stylist-Teil-2-scaled.jpg?resize=212%2C300&amp;ssl=1 212w, https:\/\/i0.wp.com\/colorful-life.de\/wp-content\/uploads\/2021\/07\/Programm-Visagist-Make-Up-Stylist-Teil-2-scaled.jpg?resize=768%2C1086&amp;ssl=1 768w, https:\/\/i0.wp.com\/colorful-life.de\/wp-content\/uploads\/2021\/07\/Programm-Visagist-Make-Up-Stylist-Teil-2-scaled.jpg?resize=1086%2C1536&amp;ssl=1 1086w, https:\/\/i0.wp.com\/colorful-life.de\/wp-content\/uploads\/2021\/07\/Programm-Visagist-Make-Up-Stylist-Teil-2-scaled.jpg?resize=1448%2C2048&amp;ssl=1 1448w, https:\/\/i0.wp.com\/colorful-life.de\/wp-content\/uploads\/2021\/07\/Programm-Visagist-Make-Up-Stylist-Teil-2-scaled.jpg?resize=370%2C523&amp;ssl=1 370w, https:\/\/i0.wp.com\/colorful-life.de\/wp-content\/uploads\/2021\/07\/Programm-Visagist-Make-Up-Stylist-Teil-2-scaled.jpg?resize=1040%2C1471&amp;ssl=1 1040w, https:\/\/i0.wp.com\/colorful-life.de\/wp-content\/uploads\/2021\/07\/Programm-Visagist-Make-Up-Stylist-Teil-2-scaled.jpg?w=1811&amp;ssl=1 1811w\" sizes=\"auto, (max-width: 362px) 100vw, 362px\" \/><\/figure><\/div>\n\n\n\n<p><a href=\"http:\/\/colorful-life.de\/?page_id=986\">Zur\u00fcck<\/a><\/p>\n","protected":false},"excerpt":{"rendered":"<p>Dieser Aufbau Kurs ist speziell f\u00fcr Mary Kay Consultants. Voraussetzung f\u00fcr die Pr\u00fcfung: Pro Teilnehmer 1-2 Modelle, an denen der Inhalt des Kurses pr\u00e4sentiert werden kann. Dauer: 1 Tag (9:00-18:00 h) Ihre Investition: 150 \u20ac[&#8230;]<\/p>\n","protected":false},"author":1,"featured_media":0,"parent":0,"menu_order":0,"comment_status":"closed","ping_status":"closed","template":"","meta":{"_monsterinsights_skip_tracking":false,"_monsterinsights_sitenote_active":false,"_monsterinsights_sitenote_note":"","_monsterinsights_sitenote_category":0,"jetpack_post_was_ever_published":false,"footnotes":""},"class_list":["post-955","page","type-page","status-publish","hentry"],"jetpack_sharing_enabled":true,"jetpack_shortlink":"https:\/\/wp.me\/P8oWCj-fp","jetpack-related-posts":[],"_links":{"self":[{"href":"https:\/\/colorful-life.de\/index.php?rest_route=\/wp\/v2\/pages\/955","targetHints":{"allow":["GET"]}}],"collection":[{"href":"https:\/\/colorful-life.de\/index.php?rest_route=\/wp\/v2\/pages"}],"about":[{"href":"https:\/\/colorful-life.de\/index.php?rest_route=\/wp\/v2\/types\/page"}],"author":[{"embeddable":true,"href":"https:\/\/colorful-life.de\/index.php?rest_route=\/wp\/v2\/users\/1"}],"replies":[{"embeddable":true,"href":"https:\/\/colorful-life.de\/index.php?rest_route=%2Fwp%2Fv2%2Fcomments&post=955"}],"version-history":[{"count":21,"href":"https:\/\/colorful-life.de\/index.php?rest_route=\/wp\/v2\/pages\/955\/revisions"}],"predecessor-version":[{"id":1123,"href":"https:\/\/colorful-life.de\/index.php?rest_route=\/wp\/v2\/pages\/955\/revisions\/1123"}],"wp:attachment":[{"href":"https:\/\/colorful-life.de\/index.php?rest_route=%2Fwp%2Fv2%2Fmedia&parent=955"}],"curies":[{"name":"wp","href":"https:\/\/api.w.org\/{rel}","templated":true}]}}