{"id":802,"date":"2017-11-20T11:54:28","date_gmt":"2017-11-20T11:54:28","guid":{"rendered":"http:\/\/colorful-life.de\/?page_id=802"},"modified":"2018-02-13T14:02:38","modified_gmt":"2018-02-13T14:02:38","slug":"kooperations-partner","status":"publish","type":"page","link":"https:\/\/colorful-life.de\/?page_id=802","title":{"rendered":"Kooperations-Partner"},"content":{"rendered":"<p><a href=\"http:\/\/www.foteo.de\/\"><img data-recalc-dims=\"1\" loading=\"lazy\" decoding=\"async\" data-attachment-id=\"816\" data-permalink=\"https:\/\/colorful-life.de\/?attachment_id=816\" data-orig-file=\"https:\/\/i0.wp.com\/colorful-life.de\/wp-content\/uploads\/2017\/11\/Foteograf-Jan-Buomann-Banner.jpg?fit=800%2C150&amp;ssl=1\" data-orig-size=\"800,150\" data-comments-opened=\"1\" data-image-meta=\"{&quot;aperture&quot;:&quot;0&quot;,&quot;credit&quot;:&quot;&quot;,&quot;camera&quot;:&quot;&quot;,&quot;caption&quot;:&quot;&quot;,&quot;created_timestamp&quot;:&quot;0&quot;,&quot;copyright&quot;:&quot;&quot;,&quot;focal_length&quot;:&quot;0&quot;,&quot;iso&quot;:&quot;0&quot;,&quot;shutter_speed&quot;:&quot;0&quot;,&quot;title&quot;:&quot;&quot;,&quot;orientation&quot;:&quot;0&quot;}\" data-image-title=\"Jan Buomann Banner\" data-image-description=\"&lt;p&gt;Fotograf Jan Buomann FOTeO Heidelberg &#8211; mobiler Fotograf und Fotostudio in Heidelberg&lt;\/p&gt;\n\" data-image-caption=\"\" data-medium-file=\"https:\/\/i0.wp.com\/colorful-life.de\/wp-content\/uploads\/2017\/11\/Foteograf-Jan-Buomann-Banner.jpg?fit=300%2C56&amp;ssl=1\" data-large-file=\"https:\/\/i0.wp.com\/colorful-life.de\/wp-content\/uploads\/2017\/11\/Foteograf-Jan-Buomann-Banner.jpg?fit=800%2C150&amp;ssl=1\" class=\"alignleft wp-image-816 size-medium\" src=\"https:\/\/i0.wp.com\/colorful-life.de\/wp-content\/uploads\/2017\/11\/Foteograf-Jan-Buomann-Banner.jpg?resize=300%2C56\" width=\"300\" height=\"56\" srcset=\"https:\/\/i0.wp.com\/colorful-life.de\/wp-content\/uploads\/2017\/11\/Foteograf-Jan-Buomann-Banner.jpg?resize=300%2C56&amp;ssl=1 300w, https:\/\/i0.wp.com\/colorful-life.de\/wp-content\/uploads\/2017\/11\/Foteograf-Jan-Buomann-Banner.jpg?resize=768%2C144&amp;ssl=1 768w, https:\/\/i0.wp.com\/colorful-life.de\/wp-content\/uploads\/2017\/11\/Foteograf-Jan-Buomann-Banner.jpg?resize=370%2C69&amp;ssl=1 370w, https:\/\/i0.wp.com\/colorful-life.de\/wp-content\/uploads\/2017\/11\/Foteograf-Jan-Buomann-Banner.jpg?w=800&amp;ssl=1 800w\" sizes=\"auto, (max-width: 300px) 100vw, 300px\" \/><\/a><\/p>\n<p>&nbsp;<\/p>\n<p>&nbsp;<\/p>\n<p>&nbsp;<\/p>\n<p>Fotograf Jan Buomann FOTeO Heidelberg &#8211; mobiler Fotograf und Fotostudio in Heidelberg<\/p>\n<p>&nbsp;<\/p>\n<p>&nbsp;<\/p>\n<p><a href=\"http:\/\/www.changesinlife.de\">Changes in Life<\/a> &#8211; ich begleite dich<\/p>\n<p><img data-recalc-dims=\"1\" loading=\"lazy\" decoding=\"async\" data-attachment-id=\"804\" data-permalink=\"https:\/\/colorful-life.de\/?attachment_id=804\" data-orig-file=\"https:\/\/i0.wp.com\/colorful-life.de\/wp-content\/uploads\/2017\/11\/CiL_Banner-1.jpg?fit=879%2C196&amp;ssl=1\" data-orig-size=\"879,196\" data-comments-opened=\"1\" data-image-meta=\"{&quot;aperture&quot;:&quot;0&quot;,&quot;credit&quot;:&quot;&quot;,&quot;camera&quot;:&quot;&quot;,&quot;caption&quot;:&quot;&quot;,&quot;created_timestamp&quot;:&quot;0&quot;,&quot;copyright&quot;:&quot;&quot;,&quot;focal_length&quot;:&quot;0&quot;,&quot;iso&quot;:&quot;0&quot;,&quot;shutter_speed&quot;:&quot;0&quot;,&quot;title&quot;:&quot;&quot;,&quot;orientation&quot;:&quot;0&quot;}\" data-image-title=\"CiL_Banner\" data-image-description=\"\" data-image-caption=\"\" data-medium-file=\"https:\/\/i0.wp.com\/colorful-life.de\/wp-content\/uploads\/2017\/11\/CiL_Banner-1.jpg?fit=300%2C67&amp;ssl=1\" data-large-file=\"https:\/\/i0.wp.com\/colorful-life.de\/wp-content\/uploads\/2017\/11\/CiL_Banner-1.jpg?fit=879%2C196&amp;ssl=1\" class=\"alignnone wp-image-804 size-medium\" src=\"https:\/\/i0.wp.com\/colorful-life.de\/wp-content\/uploads\/2017\/11\/CiL_Banner-1.jpg?resize=300%2C67\" width=\"300\" height=\"67\" srcset=\"https:\/\/i0.wp.com\/colorful-life.de\/wp-content\/uploads\/2017\/11\/CiL_Banner-1.jpg?resize=300%2C67&amp;ssl=1 300w, https:\/\/i0.wp.com\/colorful-life.de\/wp-content\/uploads\/2017\/11\/CiL_Banner-1.jpg?resize=768%2C171&amp;ssl=1 768w, https:\/\/i0.wp.com\/colorful-life.de\/wp-content\/uploads\/2017\/11\/CiL_Banner-1.jpg?resize=370%2C83&amp;ssl=1 370w, https:\/\/i0.wp.com\/colorful-life.de\/wp-content\/uploads\/2017\/11\/CiL_Banner-1.jpg?w=879&amp;ssl=1 879w\" sizes=\"auto, (max-width: 300px) 100vw, 300px\" \/><\/p>\n<p>Was treibt uns wirklich im Leben an? Was sind unsere W\u00fcnsche und Tr\u00e4ume? Wie erreichen wir unsere Ziele? Warum gelingt es manchen Menschen leichter Ziele zu erreichen als anderen? Was ist das Geheimnis guter, zwischenmenschlicher Beziehungen, sowohl bei Freundschaften als auch bei Partnerschaften? Wie findet man einen erf\u00fcllenden Beruf?<\/p>\n<p>Besch\u00e4ftigen dich diese oder auch andere Fragen, dann bist du bei Sandra Panienka richtig.<\/p>\n<p>Ihr Schwerpunkt liegt beim Thema Resilienz, der F\u00e4higkeit Krisen zu bew\u00e4ltigen, Liebeskummer, Selbstfindung und Selbstwirksamkeit bzw. Selbstverwirklichung. Ihre Erfahrungen und Erkenntnisse m\u00f6chte sie in ihrem Coaching gerne an ihre Klienten weitergeben.<\/p>\n<p>&nbsp;<\/p>\n<p>&nbsp;<\/p>\n<p><a href=\"http:\/\/www.freiraum-meditation.de\">Freiraum-Meditation<\/a><\/p>\n<p><img data-recalc-dims=\"1\" loading=\"lazy\" decoding=\"async\" data-attachment-id=\"859\" data-permalink=\"https:\/\/colorful-life.de\/?attachment_id=859\" data-orig-file=\"https:\/\/i0.wp.com\/colorful-life.de\/wp-content\/uploads\/2017\/11\/FM-Link-Bild.jpg?fit=1309%2C399&amp;ssl=1\" data-orig-size=\"1309,399\" data-comments-opened=\"1\" data-image-meta=\"{&quot;aperture&quot;:&quot;0&quot;,&quot;credit&quot;:&quot;&quot;,&quot;camera&quot;:&quot;&quot;,&quot;caption&quot;:&quot;&quot;,&quot;created_timestamp&quot;:&quot;0&quot;,&quot;copyright&quot;:&quot;&quot;,&quot;focal_length&quot;:&quot;0&quot;,&quot;iso&quot;:&quot;0&quot;,&quot;shutter_speed&quot;:&quot;0&quot;,&quot;title&quot;:&quot;&quot;,&quot;orientation&quot;:&quot;0&quot;}\" data-image-title=\"FM Link Bild\" data-image-description=\"\" data-image-caption=\"\" data-medium-file=\"https:\/\/i0.wp.com\/colorful-life.de\/wp-content\/uploads\/2017\/11\/FM-Link-Bild.jpg?fit=300%2C91&amp;ssl=1\" data-large-file=\"https:\/\/i0.wp.com\/colorful-life.de\/wp-content\/uploads\/2017\/11\/FM-Link-Bild.jpg?fit=1024%2C312&amp;ssl=1\" class=\"alignnone size-medium wp-image-859\" src=\"https:\/\/i0.wp.com\/colorful-life.de\/wp-content\/uploads\/2017\/11\/FM-Link-Bild.jpg?resize=300%2C91\" alt=\"\" width=\"300\" height=\"91\" srcset=\"https:\/\/i0.wp.com\/colorful-life.de\/wp-content\/uploads\/2017\/11\/FM-Link-Bild.jpg?resize=300%2C91&amp;ssl=1 300w, https:\/\/i0.wp.com\/colorful-life.de\/wp-content\/uploads\/2017\/11\/FM-Link-Bild.jpg?resize=768%2C234&amp;ssl=1 768w, https:\/\/i0.wp.com\/colorful-life.de\/wp-content\/uploads\/2017\/11\/FM-Link-Bild.jpg?resize=1024%2C312&amp;ssl=1 1024w, https:\/\/i0.wp.com\/colorful-life.de\/wp-content\/uploads\/2017\/11\/FM-Link-Bild.jpg?resize=370%2C113&amp;ssl=1 370w, https:\/\/i0.wp.com\/colorful-life.de\/wp-content\/uploads\/2017\/11\/FM-Link-Bild.jpg?resize=1040%2C317&amp;ssl=1 1040w, https:\/\/i0.wp.com\/colorful-life.de\/wp-content\/uploads\/2017\/11\/FM-Link-Bild.jpg?w=1309&amp;ssl=1 1309w\" sizes=\"auto, (max-width: 300px) 100vw, 300px\" \/><\/p>\n<p>Bei Freiraum-Meditation werden Sie im Rahmen unserer Kurse in die vielf\u00e4ltigen Methoden der Meditation eingef\u00fchrt. Sie werden pers\u00f6nlich beraten und bekommen Hilfestellung, damit Sie f\u00fcr sich die beste Meditation finden k\u00f6nnen.<\/p>\n<p>&nbsp;<\/p>\n<p>&nbsp;<\/p>\n<p><a href=\"http:\/\/www.gruener-bleistift.de\/\">Gr\u00fcner-Bleistift<\/a><\/p>\n<p><a href=\"http:\/\/www.gruener-bleistift.de\/\"><img data-recalc-dims=\"1\" loading=\"lazy\" decoding=\"async\" data-attachment-id=\"858\" data-permalink=\"https:\/\/colorful-life.de\/?attachment_id=858\" data-orig-file=\"https:\/\/i0.wp.com\/colorful-life.de\/wp-content\/uploads\/2017\/11\/68c1570b6d71c21903ecb398e3075901.jpg?fit=1024%2C769&amp;ssl=1\" data-orig-size=\"1024,769\" data-comments-opened=\"1\" data-image-meta=\"{&quot;aperture&quot;:&quot;4&quot;,&quot;credit&quot;:&quot;&quot;,&quot;camera&quot;:&quot;FinePix S602 ZOOM&quot;,&quot;caption&quot;:&quot;&quot;,&quot;created_timestamp&quot;:&quot;1214407522&quot;,&quot;copyright&quot;:&quot;&quot;,&quot;focal_length&quot;:&quot;7.8&quot;,&quot;iso&quot;:&quot;200&quot;,&quot;shutter_speed&quot;:&quot;0.0033333333333333&quot;,&quot;title&quot;:&quot;&quot;,&quot;orientation&quot;:&quot;1&quot;}\" data-image-title=\"Gr\u00fcner Bleistift Bild Link\" data-image-description=\"\" data-image-caption=\"\" data-medium-file=\"https:\/\/i0.wp.com\/colorful-life.de\/wp-content\/uploads\/2017\/11\/68c1570b6d71c21903ecb398e3075901.jpg?fit=300%2C225&amp;ssl=1\" data-large-file=\"https:\/\/i0.wp.com\/colorful-life.de\/wp-content\/uploads\/2017\/11\/68c1570b6d71c21903ecb398e3075901.jpg?fit=1024%2C769&amp;ssl=1\" class=\"alignnone wp-image-858 size-medium\" src=\"https:\/\/i0.wp.com\/colorful-life.de\/wp-content\/uploads\/2017\/11\/68c1570b6d71c21903ecb398e3075901.jpg?resize=300%2C225\" width=\"300\" height=\"225\" srcset=\"https:\/\/i0.wp.com\/colorful-life.de\/wp-content\/uploads\/2017\/11\/68c1570b6d71c21903ecb398e3075901.jpg?resize=300%2C225&amp;ssl=1 300w, https:\/\/i0.wp.com\/colorful-life.de\/wp-content\/uploads\/2017\/11\/68c1570b6d71c21903ecb398e3075901.jpg?resize=768%2C577&amp;ssl=1 768w, https:\/\/i0.wp.com\/colorful-life.de\/wp-content\/uploads\/2017\/11\/68c1570b6d71c21903ecb398e3075901.jpg?w=1024&amp;ssl=1 1024w, https:\/\/i0.wp.com\/colorful-life.de\/wp-content\/uploads\/2017\/11\/68c1570b6d71c21903ecb398e3075901.jpg?resize=370%2C278&amp;ssl=1 370w\" sizes=\"auto, (max-width: 300px) 100vw, 300px\" \/><\/a><\/p>\n<div class=\"entry-content\">\n<p>Planung von Au\u00dfenanlagen unter Ber\u00fccksichtigung der vor Ort gegebenen Umst\u00e4nde.<\/p>\n<\/div>\n<p>&nbsp;<\/p>\n","protected":false},"excerpt":{"rendered":"<p>&nbsp; &nbsp; &nbsp; Fotograf Jan Buomann FOTeO Heidelberg &#8211; mobiler Fotograf und Fotostudio in Heidelberg &nbsp; &nbsp; Changes in Life &#8211; ich begleite dich Was treibt uns wirklich im Leben an? Was sind unsere W\u00fcnsche[&#8230;]<\/p>\n","protected":false},"author":1,"featured_media":0,"parent":0,"menu_order":0,"comment_status":"closed","ping_status":"closed","template":"","meta":{"_monsterinsights_skip_tracking":false,"_monsterinsights_sitenote_active":false,"_monsterinsights_sitenote_note":"","_monsterinsights_sitenote_category":0,"jetpack_post_was_ever_published":false,"footnotes":""},"class_list":["post-802","page","type-page","status-publish","hentry"],"jetpack_sharing_enabled":true,"jetpack_shortlink":"https:\/\/wp.me\/P8oWCj-cW","jetpack-related-posts":[],"_links":{"self":[{"href":"https:\/\/colorful-life.de\/index.php?rest_route=\/wp\/v2\/pages\/802","targetHints":{"allow":["GET"]}}],"collection":[{"href":"https:\/\/colorful-life.de\/index.php?rest_route=\/wp\/v2\/pages"}],"about":[{"href":"https:\/\/colorful-life.de\/index.php?rest_route=\/wp\/v2\/types\/page"}],"author":[{"embeddable":true,"href":"https:\/\/colorful-life.de\/index.php?rest_route=\/wp\/v2\/users\/1"}],"replies":[{"embeddable":true,"href":"https:\/\/colorful-life.de\/index.php?rest_route=%2Fwp%2Fv2%2Fcomments&post=802"}],"version-history":[{"count":13,"href":"https:\/\/colorful-life.de\/index.php?rest_route=\/wp\/v2\/pages\/802\/revisions"}],"predecessor-version":[{"id":864,"href":"https:\/\/colorful-life.de\/index.php?rest_route=\/wp\/v2\/pages\/802\/revisions\/864"}],"wp:attachment":[{"href":"https:\/\/colorful-life.de\/index.php?rest_route=%2Fwp%2Fv2%2Fmedia&parent=802"}],"curies":[{"name":"wp","href":"https:\/\/api.w.org\/{rel}","templated":true}]}}