{"id":71,"date":"2017-02-08T09:47:28","date_gmt":"2017-02-08T09:47:28","guid":{"rendered":"http:\/\/colorful-life.de\/?page_id=71"},"modified":"2020-03-21T09:52:38","modified_gmt":"2020-03-21T09:52:38","slug":"impressum","status":"publish","type":"page","link":"https:\/\/colorful-life.de\/?page_id=71","title":{"rendered":"Impressum"},"content":{"rendered":"<div class=\"entry-content\">\n<p>Colorful-Life<\/p>\n<p>Alexandra Graetz<br \/>\nSchlesierstra\u00dfe 7<br \/>\n69221 Dossenheim<br \/>\nTelefon: +49 0170 3011639<br \/>\nE-Mail: info@colorful-life.de<br \/>\nInternet: www.colorful-life.de<\/p>\n<p>Inhaltlich Verantwortlicher gem\u00e4\u00df \u00a7 55 Abs. 2 RStV: Alexandra Graetz<\/p>\n<p>Haftungshinweis<br \/>\nTrotz sorgf\u00e4ltiger inhaltlicher Kontrolle \u00fcbernehmen wir keine Haftung f\u00fcr die Inhalte externer Links.<\/p>\n<p>F\u00fcr den Inhalt der verlinkten Seiten sind ausschlie\u00dflich deren Betreiber verantwortlich.<\/p>\n<p>Gerne k\u00f6nnen Sie mich auch <a href=\"http:\/\/colorful-life.de\/?page_id=107\">kontaktieren<\/a>.<\/p>\n<\/div>\n<p><a href=\"http:\/\/colorful-life.de\/?page_id=485\">Zur\u00fcck<\/a><\/p>\n","protected":false},"excerpt":{"rendered":"<p>Colorful-Life Alexandra Graetz Schlesierstra\u00dfe 7 69221 Dossenheim Telefon: +49 0170 3011639 E-Mail: info@colorful-life.de Internet: www.colorful-life.de Inhaltlich Verantwortlicher gem\u00e4\u00df \u00a7 55 Abs. 2 RStV: Alexandra Graetz Haftungshinweis Trotz sorgf\u00e4ltiger inhaltlicher Kontrolle \u00fcbernehmen wir keine Haftung f\u00fcr[&#8230;]<\/p>\n","protected":false},"author":1,"featured_media":0,"parent":0,"menu_order":0,"comment_status":"closed","ping_status":"closed","template":"","meta":{"_monsterinsights_skip_tracking":false,"_monsterinsights_sitenote_active":false,"_monsterinsights_sitenote_note":"","_monsterinsights_sitenote_category":0,"jetpack_post_was_ever_published":false,"footnotes":""},"class_list":["post-71","page","type-page","status-publish","hentry"],"jetpack_sharing_enabled":true,"jetpack_shortlink":"https:\/\/wp.me\/P8oWCj-19","jetpack-related-posts":[],"_links":{"self":[{"href":"https:\/\/colorful-life.de\/index.php?rest_route=\/wp\/v2\/pages\/71","targetHints":{"allow":["GET"]}}],"collection":[{"href":"https:\/\/colorful-life.de\/index.php?rest_route=\/wp\/v2\/pages"}],"about":[{"href":"https:\/\/colorful-life.de\/index.php?rest_route=\/wp\/v2\/types\/page"}],"author":[{"embeddable":true,"href":"https:\/\/colorful-life.de\/index.php?rest_route=\/wp\/v2\/users\/1"}],"replies":[{"embeddable":true,"href":"https:\/\/colorful-life.de\/index.php?rest_route=%2Fwp%2Fv2%2Fcomments&post=71"}],"version-history":[{"count":8,"href":"https:\/\/colorful-life.de\/index.php?rest_route=\/wp\/v2\/pages\/71\/revisions"}],"predecessor-version":[{"id":931,"href":"https:\/\/colorful-life.de\/index.php?rest_route=\/wp\/v2\/pages\/71\/revisions\/931"}],"wp:attachment":[{"href":"https:\/\/colorful-life.de\/index.php?rest_route=%2Fwp%2Fv2%2Fmedia&parent=71"}],"curies":[{"name":"wp","href":"https:\/\/api.w.org\/{rel}","templated":true}]}}