{"id":57,"date":"2017-02-08T10:53:48","date_gmt":"2017-02-08T10:53:48","guid":{"rendered":"http:\/\/colorful-life.de\/?page_id=57"},"modified":"2017-02-24T17:31:16","modified_gmt":"2017-02-24T17:31:16","slug":"make-up-beratung","status":"publish","type":"page","link":"https:\/\/colorful-life.de\/?page_id=57","title":{"rendered":"Make-Up Beratung"},"content":{"rendered":"<p><img data-recalc-dims=\"1\" loading=\"lazy\" decoding=\"async\" data-attachment-id=\"631\" data-permalink=\"https:\/\/colorful-life.de\/?attachment_id=631\" data-orig-file=\"https:\/\/i0.wp.com\/colorful-life.de\/wp-content\/uploads\/2017\/02\/ake-up.jpg?fit=1506%2C1000&amp;ssl=1\" data-orig-size=\"1506,1000\" data-comments-opened=\"1\" data-image-meta=\"{&quot;aperture&quot;:&quot;0&quot;,&quot;credit&quot;:&quot;&quot;,&quot;camera&quot;:&quot;&quot;,&quot;caption&quot;:&quot;Collection of professional makeup brushes with copyspace&quot;,&quot;created_timestamp&quot;:&quot;0&quot;,&quot;copyright&quot;:&quot;&quot;,&quot;focal_length&quot;:&quot;0&quot;,&quot;iso&quot;:&quot;0&quot;,&quot;shutter_speed&quot;:&quot;0&quot;,&quot;title&quot;:&quot;Collection of professional makeup brushes with copyspace&quot;,&quot;orientation&quot;:&quot;0&quot;}\" data-image-title=\"MakeUp Beratung 02\" data-image-description=\"\" data-image-caption=\"\" data-medium-file=\"https:\/\/i0.wp.com\/colorful-life.de\/wp-content\/uploads\/2017\/02\/ake-up.jpg?fit=300%2C199&amp;ssl=1\" data-large-file=\"https:\/\/i0.wp.com\/colorful-life.de\/wp-content\/uploads\/2017\/02\/ake-up.jpg?fit=1024%2C680&amp;ssl=1\" class=\"size-medium wp-image-631 alignright\" src=\"https:\/\/i0.wp.com\/colorful-life.de\/wp-content\/uploads\/2017\/02\/ake-up.jpg?resize=300%2C199\" alt=\"\" width=\"300\" height=\"199\" srcset=\"https:\/\/i0.wp.com\/colorful-life.de\/wp-content\/uploads\/2017\/02\/ake-up.jpg?resize=300%2C199&amp;ssl=1 300w, https:\/\/i0.wp.com\/colorful-life.de\/wp-content\/uploads\/2017\/02\/ake-up.jpg?resize=768%2C510&amp;ssl=1 768w, https:\/\/i0.wp.com\/colorful-life.de\/wp-content\/uploads\/2017\/02\/ake-up.jpg?resize=1024%2C680&amp;ssl=1 1024w, https:\/\/i0.wp.com\/colorful-life.de\/wp-content\/uploads\/2017\/02\/ake-up.jpg?resize=370%2C246&amp;ssl=1 370w, https:\/\/i0.wp.com\/colorful-life.de\/wp-content\/uploads\/2017\/02\/ake-up.jpg?resize=1040%2C691&amp;ssl=1 1040w, https:\/\/i0.wp.com\/colorful-life.de\/wp-content\/uploads\/2017\/02\/ake-up.jpg?w=1506&amp;ssl=1 1506w\" sizes=\"auto, (max-width: 300px) 100vw, 300px\" \/>Sie haben bereits eine <strong>Farbberatung<\/strong> durchgef\u00fchrt und m\u00f6chten wissen, welches <strong>Make-Up<\/strong> f\u00fcr Sie das richtige ist?<\/p>\n<p>Sie haben <strong>wenig Zeit<\/strong> und m\u00f6chten dennoch mit <strong>geringem Aufwand<\/strong> gut aussehen?<\/p>\n<p>Sie wollen <strong>schicke Fotos<\/strong> f\u00fcr Online-Portale mit <strong>optimaler Wirkung<\/strong>?<\/p>\n<p>Ich zeige Ihnen, worauf Sie achten sollten, damit Ihre <strong>Sch\u00f6nheit<\/strong> zur <strong>Geltung<\/strong> kommt.<\/p>\n<p>&nbsp;<\/p>\n<p>Beginnend mit der <strong>Analyse<\/strong> Ihres<strong> Gesichts<\/strong> und Ihren <strong>Gesichtskonturen<\/strong>, \u00fcber die richtige <strong>Hautpflege<\/strong> bis zu Ihrem <strong>individuellen Make-Up<\/strong>, welches Ihre <strong>Vorz\u00fcge<\/strong> positiver hervorhebt.<\/p>\n<p>Ich zeige Ihnen, wie Sie <strong>Rouge<\/strong> und <strong>Bronze-Puder<\/strong> f\u00fcr Ihre <strong>Gesichtskonturen<\/strong> angepasst einsetzen und mit welchen <strong>Farben<\/strong> Ihre <strong>Augen<\/strong> noch <strong>strahlender<\/strong> wirken.<\/p>\n<p>Sie werden mit Ihrem <strong>Make-Up<\/strong> immer <strong>stilsicher<\/strong> und <strong>elegant<\/strong> wirken.<\/p>\n<p>Das Make-Up stelle ich zur Verf\u00fcgung.<\/p>\n<p>Bitte bringen Sie zur Beratung ein kleines <strong>G\u00e4stehandtuch<\/strong> mit.<\/p>\n<p>&nbsp;<\/p>\n<p>Vor der <strong>Make-Up Beratung<\/strong> sollten Sie bereits die <strong>Farbberatung<\/strong> durchgef\u00fchrt haben.<\/p>\n<p>&nbsp;<\/p>\n<p><a href=\"http:\/\/colorful-life.de\/?page_id=488\">Zur\u00fcck<\/a><\/p>\n<p>&nbsp;<\/p>\n","protected":false},"excerpt":{"rendered":"<p>Sie haben bereits eine Farbberatung durchgef\u00fchrt und m\u00f6chten wissen, welches Make-Up f\u00fcr Sie das richtige ist? Sie haben wenig Zeit und m\u00f6chten dennoch mit geringem Aufwand gut aussehen? Sie wollen schicke Fotos f\u00fcr Online-Portale mit[&#8230;]<\/p>\n","protected":false},"author":1,"featured_media":0,"parent":0,"menu_order":0,"comment_status":"closed","ping_status":"closed","template":"","meta":{"_monsterinsights_skip_tracking":false,"_monsterinsights_sitenote_active":false,"_monsterinsights_sitenote_note":"","_monsterinsights_sitenote_category":0,"jetpack_post_was_ever_published":false,"footnotes":""},"class_list":["post-57","page","type-page","status-publish","hentry"],"jetpack_sharing_enabled":true,"jetpack_shortlink":"https:\/\/wp.me\/P8oWCj-V","jetpack-related-posts":[],"_links":{"self":[{"href":"https:\/\/colorful-life.de\/index.php?rest_route=\/wp\/v2\/pages\/57","targetHints":{"allow":["GET"]}}],"collection":[{"href":"https:\/\/colorful-life.de\/index.php?rest_route=\/wp\/v2\/pages"}],"about":[{"href":"https:\/\/colorful-life.de\/index.php?rest_route=\/wp\/v2\/types\/page"}],"author":[{"embeddable":true,"href":"https:\/\/colorful-life.de\/index.php?rest_route=\/wp\/v2\/users\/1"}],"replies":[{"embeddable":true,"href":"https:\/\/colorful-life.de\/index.php?rest_route=%2Fwp%2Fv2%2Fcomments&post=57"}],"version-history":[{"count":27,"href":"https:\/\/colorful-life.de\/index.php?rest_route=\/wp\/v2\/pages\/57\/revisions"}],"predecessor-version":[{"id":702,"href":"https:\/\/colorful-life.de\/index.php?rest_route=\/wp\/v2\/pages\/57\/revisions\/702"}],"wp:attachment":[{"href":"https:\/\/colorful-life.de\/index.php?rest_route=%2Fwp%2Fv2%2Fmedia&parent=57"}],"curies":[{"name":"wp","href":"https:\/\/api.w.org\/{rel}","templated":true}]}}