{"id":241,"date":"2017-02-08T17:12:27","date_gmt":"2017-02-08T17:12:27","guid":{"rendered":"http:\/\/colorful-life.de\/?page_id=241"},"modified":"2017-02-25T08:38:40","modified_gmt":"2017-02-25T08:38:40","slug":"geschenkgutscheine","status":"publish","type":"page","link":"https:\/\/colorful-life.de\/?page_id=241","title":{"rendered":"Geschenkgutscheine"},"content":{"rendered":"<p><img data-recalc-dims=\"1\" loading=\"lazy\" decoding=\"async\" data-attachment-id=\"614\" data-permalink=\"https:\/\/colorful-life.de\/?attachment_id=614\" data-orig-file=\"https:\/\/i0.wp.com\/colorful-life.de\/wp-content\/uploads\/2017\/02\/Farbberatung-02.jpg?fit=1494%2C1000&amp;ssl=1\" data-orig-size=\"1494,1000\" data-comments-opened=\"1\" data-image-meta=\"{&quot;aperture&quot;:&quot;16&quot;,&quot;credit&quot;:&quot;Severija Kirilovaite&quot;,&quot;camera&quot;:&quot;NIKON D200&quot;,&quot;caption&quot;:&quot;organza fabric in rainbow color&quot;,&quot;created_timestamp&quot;:&quot;1479393513&quot;,&quot;copyright&quot;:&quot;&quot;,&quot;focal_length&quot;:&quot;31&quot;,&quot;iso&quot;:&quot;100&quot;,&quot;shutter_speed&quot;:&quot;0.00625&quot;,&quot;title&quot;:&quot;organza fabric in rainbow color&quot;,&quot;orientation&quot;:&quot;1&quot;}\" data-image-title=\"organza fabric in rainbow color\" data-image-description=\"\" data-image-caption=\"&lt;p&gt;organza fabric in rainbow color&lt;\/p&gt;\n\" data-medium-file=\"https:\/\/i0.wp.com\/colorful-life.de\/wp-content\/uploads\/2017\/02\/Farbberatung-02.jpg?fit=300%2C201&amp;ssl=1\" data-large-file=\"https:\/\/i0.wp.com\/colorful-life.de\/wp-content\/uploads\/2017\/02\/Farbberatung-02.jpg?fit=1024%2C685&amp;ssl=1\" class=\" size-medium wp-image-614 alignright\" src=\"https:\/\/i0.wp.com\/colorful-life.de\/wp-content\/uploads\/2017\/02\/Farbberatung-02.jpg?resize=300%2C201\" alt=\"organza fabric in rainbow color\" width=\"300\" height=\"201\" srcset=\"https:\/\/i0.wp.com\/colorful-life.de\/wp-content\/uploads\/2017\/02\/Farbberatung-02.jpg?resize=300%2C201&amp;ssl=1 300w, https:\/\/i0.wp.com\/colorful-life.de\/wp-content\/uploads\/2017\/02\/Farbberatung-02.jpg?resize=768%2C514&amp;ssl=1 768w, https:\/\/i0.wp.com\/colorful-life.de\/wp-content\/uploads\/2017\/02\/Farbberatung-02.jpg?resize=1024%2C685&amp;ssl=1 1024w, https:\/\/i0.wp.com\/colorful-life.de\/wp-content\/uploads\/2017\/02\/Farbberatung-02.jpg?resize=370%2C248&amp;ssl=1 370w, https:\/\/i0.wp.com\/colorful-life.de\/wp-content\/uploads\/2017\/02\/Farbberatung-02.jpg?resize=1040%2C696&amp;ssl=1 1040w, https:\/\/i0.wp.com\/colorful-life.de\/wp-content\/uploads\/2017\/02\/Farbberatung-02.jpg?w=1494&amp;ssl=1 1494w\" sizes=\"auto, (max-width: 300px) 100vw, 300px\" \/><\/p>\n<p><strong>Verschenken<\/strong> Sie das <strong>Au\u00dfergew\u00f6hnliche<\/strong>.<\/p>\n<p>&nbsp;<\/p>\n<p>Alle meine <strong>Angebote<\/strong> sind auch als <strong>Gutscheine<\/strong> erh\u00e4ltlich.<\/p>\n<p>Bei Fragen rufen Sie mich an. Ich berate Sie gern.<\/p>\n<p>&nbsp;<\/p>\n<p><a href=\"http:\/\/colorful-life.de\/?page_id=488\">Zur\u00fcck<\/a><\/p>\n","protected":false},"excerpt":{"rendered":"<p>Verschenken Sie das Au\u00dfergew\u00f6hnliche. &nbsp; Alle meine Angebote sind auch als Gutscheine erh\u00e4ltlich. Bei Fragen rufen Sie mich an. Ich berate Sie gern. &nbsp; Zur\u00fcck<\/p>\n","protected":false},"author":1,"featured_media":0,"parent":0,"menu_order":0,"comment_status":"closed","ping_status":"closed","template":"","meta":{"_monsterinsights_skip_tracking":false,"_monsterinsights_sitenote_active":false,"_monsterinsights_sitenote_note":"","_monsterinsights_sitenote_category":0,"jetpack_post_was_ever_published":false,"footnotes":""},"class_list":["post-241","page","type-page","status-publish","hentry"],"jetpack_sharing_enabled":true,"jetpack_shortlink":"https:\/\/wp.me\/P8oWCj-3T","jetpack-related-posts":[],"_links":{"self":[{"href":"https:\/\/colorful-life.de\/index.php?rest_route=\/wp\/v2\/pages\/241","targetHints":{"allow":["GET"]}}],"collection":[{"href":"https:\/\/colorful-life.de\/index.php?rest_route=\/wp\/v2\/pages"}],"about":[{"href":"https:\/\/colorful-life.de\/index.php?rest_route=\/wp\/v2\/types\/page"}],"author":[{"embeddable":true,"href":"https:\/\/colorful-life.de\/index.php?rest_route=\/wp\/v2\/users\/1"}],"replies":[{"embeddable":true,"href":"https:\/\/colorful-life.de\/index.php?rest_route=%2Fwp%2Fv2%2Fcomments&post=241"}],"version-history":[{"count":9,"href":"https:\/\/colorful-life.de\/index.php?rest_route=\/wp\/v2\/pages\/241\/revisions"}],"predecessor-version":[{"id":733,"href":"https:\/\/colorful-life.de\/index.php?rest_route=\/wp\/v2\/pages\/241\/revisions\/733"}],"wp:attachment":[{"href":"https:\/\/colorful-life.de\/index.php?rest_route=%2Fwp%2Fv2%2Fmedia&parent=241"}],"curies":[{"name":"wp","href":"https:\/\/api.w.org\/{rel}","templated":true}]}}