{"id":125,"date":"2017-02-08T09:28:57","date_gmt":"2017-02-08T09:28:57","guid":{"rendered":"http:\/\/colorful-life.de\/?page_id=125"},"modified":"2017-02-24T17:48:30","modified_gmt":"2017-02-24T17:48:30","slug":"farbberatung-platin","status":"publish","type":"page","link":"https:\/\/colorful-life.de\/?page_id=125","title":{"rendered":"Farbberatung Platin"},"content":{"rendered":"<p><strong><img data-recalc-dims=\"1\" loading=\"lazy\" decoding=\"async\" data-attachment-id=\"673\" data-permalink=\"https:\/\/colorful-life.de\/?attachment_id=673\" data-orig-file=\"https:\/\/i0.wp.com\/colorful-life.de\/wp-content\/uploads\/2017\/02\/Farbberatung-Platin-2.jpg?fit=1312%2C1000&amp;ssl=1\" data-orig-size=\"1312,1000\" data-comments-opened=\"1\" data-image-meta=\"{&quot;aperture&quot;:&quot;0&quot;,&quot;credit&quot;:&quot;&quot;,&quot;camera&quot;:&quot;&quot;,&quot;caption&quot;:&quot;waves of light silver on a white background&quot;,&quot;created_timestamp&quot;:&quot;1440682047&quot;,&quot;copyright&quot;:&quot;&quot;,&quot;focal_length&quot;:&quot;0&quot;,&quot;iso&quot;:&quot;0&quot;,&quot;shutter_speed&quot;:&quot;0&quot;,&quot;title&quot;:&quot;waves of light silver on a white background&quot;,&quot;orientation&quot;:&quot;1&quot;}\" data-image-title=\"waves of light silver on a white background\" data-image-description=\"\" data-image-caption=\"\" data-medium-file=\"https:\/\/i0.wp.com\/colorful-life.de\/wp-content\/uploads\/2017\/02\/Farbberatung-Platin-2.jpg?fit=300%2C229&amp;ssl=1\" data-large-file=\"https:\/\/i0.wp.com\/colorful-life.de\/wp-content\/uploads\/2017\/02\/Farbberatung-Platin-2.jpg?fit=1024%2C780&amp;ssl=1\" class=\"size-medium wp-image-673 alignright\" src=\"https:\/\/i0.wp.com\/colorful-life.de\/wp-content\/uploads\/2017\/02\/Farbberatung-Platin-2.jpg?resize=300%2C229\" alt=\"\" width=\"300\" height=\"229\" srcset=\"https:\/\/i0.wp.com\/colorful-life.de\/wp-content\/uploads\/2017\/02\/Farbberatung-Platin-2.jpg?resize=300%2C229&amp;ssl=1 300w, https:\/\/i0.wp.com\/colorful-life.de\/wp-content\/uploads\/2017\/02\/Farbberatung-Platin-2.jpg?resize=768%2C585&amp;ssl=1 768w, https:\/\/i0.wp.com\/colorful-life.de\/wp-content\/uploads\/2017\/02\/Farbberatung-Platin-2.jpg?resize=1024%2C780&amp;ssl=1 1024w, https:\/\/i0.wp.com\/colorful-life.de\/wp-content\/uploads\/2017\/02\/Farbberatung-Platin-2.jpg?resize=370%2C282&amp;ssl=1 370w, https:\/\/i0.wp.com\/colorful-life.de\/wp-content\/uploads\/2017\/02\/Farbberatung-Platin-2.jpg?resize=1040%2C793&amp;ssl=1 1040w, https:\/\/i0.wp.com\/colorful-life.de\/wp-content\/uploads\/2017\/02\/Farbberatung-Platin-2.jpg?w=1312&amp;ssl=1 1312w\" sizes=\"auto, (max-width: 300px) 100vw, 300px\" \/>F\u00fcr Mitarbeiter\/Innen im direkten Kundenkontakt und\/oder Repr\u00e4sentanten einer Firma<\/strong><\/p>\n<p>In diesem <strong>Coaching<\/strong> lernen Sie:<\/p>\n<ul>\n<li>allgemein g\u00fcltige <strong>Kleidungsregeln<\/strong><\/li>\n<li>Empfehlungen f\u00fcr das <strong>individuelle Business-Outfit<\/strong><\/li>\n<li><strong>Wirkungsweisen<\/strong> zwischen <strong>Erscheinungsbild<\/strong>, <strong>Kompetenz<\/strong>, <strong>Durchsetzungsverm\u00f6gen<\/strong> und <strong>Pr\u00e4senz<\/strong><\/li>\n<\/ul>\n<p>Jeder Mitarbeiter erh\u00e4lt eine <strong>individuelle Farb- und Stilberatung<\/strong> inkl. eines <strong>pers\u00f6nlichen Farbpasses<\/strong>.<\/p>\n<p>Anhand der Ergebnisse wird Ihre bestehende <strong>Garderobe<\/strong> auf <strong>Farbe<\/strong> und <strong>Stil<\/strong> \u00fcberpr\u00fcft.<\/p>\n<p>Als Mitarbeiter\/-in einer Firma lernen Sie, wie Sie sich f\u00fcr Ihre <strong>beruflichen Anforderungen<\/strong> passender kleiden k\u00f6nnen.<\/p>\n<p><strong>Individuelle Handouts<\/strong> werden Ihnen in Zukunft das <strong>Zusammenstellen<\/strong> Ihres <strong>Business-Outfits<\/strong>, zu unterschiedlichen Anl\u00e4ssen, vereinfachen.<em><strong><br \/>\n<\/strong><\/em><\/p>\n<div class=\"ext_txtpic float_left\">\n<div class=\"ext_txtpic_text ext_ce_text_oben\" data-animate=\"keine\">\n<div class=\"ce_textarea attribute textarea\">\n<p>&nbsp;<\/p>\n<p><strong>Ihre Investition<\/strong><\/p>\n<p>Diese richtet sich nach Dauer und gew\u00fcnschten Themen.<\/p>\n<p>&nbsp;<\/p>\n<p>Rufen Sie mich einfach an oder schicken Sie mir eine Email. Ich berate Sie gern.<\/p>\n<p>&nbsp;<\/p>\n<\/div>\n<div class=\"ce_textarea attribute textarea\"><\/div>\n<div class=\"ce_textarea attribute textarea\"><\/div>\n<\/div>\n<\/div>\n<div class=\"ce_textarea attribute textarea\"><a href=\"http:\/\/colorful-life.de\/?page_id=80\">Zur\u00fcck<\/a><\/div>\n","protected":false},"excerpt":{"rendered":"<p>F\u00fcr Mitarbeiter\/Innen im direkten Kundenkontakt und\/oder Repr\u00e4sentanten einer Firma In diesem Coaching lernen Sie: allgemein g\u00fcltige Kleidungsregeln Empfehlungen f\u00fcr das individuelle Business-Outfit Wirkungsweisen zwischen Erscheinungsbild, Kompetenz, Durchsetzungsverm\u00f6gen und Pr\u00e4senz Jeder Mitarbeiter erh\u00e4lt eine individuelle Farb-[&#8230;]<\/p>\n","protected":false},"author":1,"featured_media":0,"parent":0,"menu_order":0,"comment_status":"closed","ping_status":"closed","template":"","meta":{"_monsterinsights_skip_tracking":false,"_monsterinsights_sitenote_active":false,"_monsterinsights_sitenote_note":"","_monsterinsights_sitenote_category":0,"jetpack_post_was_ever_published":false,"footnotes":""},"class_list":["post-125","page","type-page","status-publish","hentry"],"jetpack_sharing_enabled":true,"jetpack_shortlink":"https:\/\/wp.me\/P8oWCj-21","jetpack-related-posts":[],"_links":{"self":[{"href":"https:\/\/colorful-life.de\/index.php?rest_route=\/wp\/v2\/pages\/125","targetHints":{"allow":["GET"]}}],"collection":[{"href":"https:\/\/colorful-life.de\/index.php?rest_route=\/wp\/v2\/pages"}],"about":[{"href":"https:\/\/colorful-life.de\/index.php?rest_route=\/wp\/v2\/types\/page"}],"author":[{"embeddable":true,"href":"https:\/\/colorful-life.de\/index.php?rest_route=\/wp\/v2\/users\/1"}],"replies":[{"embeddable":true,"href":"https:\/\/colorful-life.de\/index.php?rest_route=%2Fwp%2Fv2%2Fcomments&post=125"}],"version-history":[{"count":20,"href":"https:\/\/colorful-life.de\/index.php?rest_route=\/wp\/v2\/pages\/125\/revisions"}],"predecessor-version":[{"id":711,"href":"https:\/\/colorful-life.de\/index.php?rest_route=\/wp\/v2\/pages\/125\/revisions\/711"}],"wp:attachment":[{"href":"https:\/\/colorful-life.de\/index.php?rest_route=%2Fwp%2Fv2%2Fmedia&parent=125"}],"curies":[{"name":"wp","href":"https:\/\/api.w.org\/{rel}","templated":true}]}}